{"id":121,"date":"2023-09-27T00:11:07","date_gmt":"2023-09-26T21:11:07","guid":{"rendered":"https:\/\/melumaailma.fi\/?post_type=product&#038;p=121"},"modified":"2023-10-11T13:53:20","modified_gmt":"2023-10-11T10:53:20","slug":"fast-savukone","status":"publish","type":"product","link":"https:\/\/melumaailma.fi\/fi\/tuote\/fast-savukone\/","title":{"rendered":"Fast-savukone"},"content":{"rendered":"<p>Valon kanssa yl\u00f6sp\u00e4in puhaltava, nopeasti haihtuva savu.\u00a0Sopii hyvin keikkalavalle tai paikkaan, mit\u00e4 ei haluta t\u00e4ytt\u00e4\u00e4 kokonaan savulla.<\/p>\n<p>Paino: 7,1kg<br \/>\nTuotto n. 500m3 \/ min<\/p>\n<p>https:\/\/www.thomann.de\/fi\/adj_fog_fury_jett.htm<\/p>","protected":false},"excerpt":{"rendered":"<p>Savukone, joka puhaltaa valon kanssa savua yl\u00f6sp\u00e4in. Savu nopeasti haihtuvaa.<\/p>","protected":false},"featured_media":329,"comment_status":"closed","ping_status":"closed","template":"","meta":[],"product_cat":[24],"product_tag":[25],"class_list":{"0":"post-121","1":"product","2":"type-product","3":"status-publish","4":"has-post-thumbnail","6":"product_cat-valotekniikka","7":"product_tag-valotekniikka","9":"first","10":"instock","11":"shipping-taxable","12":"purchasable","13":"product-type-simple"},"_links":{"self":[{"href":"https:\/\/melumaailma.fi\/fi\/wp-json\/wp\/v2\/product\/121","targetHints":{"allow":["GET"]}}],"collection":[{"href":"https:\/\/melumaailma.fi\/fi\/wp-json\/wp\/v2\/product"}],"about":[{"href":"https:\/\/melumaailma.fi\/fi\/wp-json\/wp\/v2\/types\/product"}],"replies":[{"embeddable":true,"href":"https:\/\/melumaailma.fi\/fi\/wp-json\/wp\/v2\/comments?post=121"}],"wp:featuredmedia":[{"embeddable":true,"href":"https:\/\/melumaailma.fi\/fi\/wp-json\/wp\/v2\/media\/329"}],"wp:attachment":[{"href":"https:\/\/melumaailma.fi\/fi\/wp-json\/wp\/v2\/media?parent=121"}],"wp:term":[{"taxonomy":"product_cat","embeddable":true,"href":"https:\/\/melumaailma.fi\/fi\/wp-json\/wp\/v2\/product_cat?post=121"},{"taxonomy":"product_tag","embeddable":true,"href":"https:\/\/melumaailma.fi\/fi\/wp-json\/wp\/v2\/product_tag?post=121"}],"curies":[{"name":"wp","href":"https:\/\/api.w.org\/{rel}","templated":true}]}}