{"id":119,"date":"2023-09-27T00:11:07","date_gmt":"2023-09-26T21:11:07","guid":{"rendered":"https:\/\/melumaailma.fi\/?post_type=product&#038;p=119"},"modified":"2024-03-22T19:39:01","modified_gmt":"2024-03-22T17:39:01","slug":"musiikki-isotila","status":"publish","type":"product","link":"https:\/\/melumaailma.fi\/fi\/tuote\/musiikki-isotila\/","title":{"rendered":"Musiikki isoon tilaan"},"content":{"rendered":"<p>\u00c4\u00e4nentoisto isoon tilaan maks. 500 m2. Sis\u00e4lt\u00e4\u00e4 kaiken tarvittavan taustamusiikin soittamiseen isossa tilassa, pl. \u00e4\u00e4nenl\u00e4hteen, esim. puhelimen.<\/p>\n<p>L1 Pro8 -j\u00e4rjestelm\u00e4 takaa laulaja-lauluntekij\u00f6ille ja DJ-esityksille helpon asennuksen ja eritt\u00e4in selke\u00e4n \u00e4\u00e4nen. Parhaan mahdollisen \u00e4\u00e4nentoiston ansiosta voit keskitty\u00e4 esiintymiseen.<\/p>\n<p>L1 Pro8 on aina valmiina l\u00e4htem\u00e4\u00e4n mukaasi, se on helppo pakata autoon ja nopea asentaa. C:n muotoisessa j\u00e4rjestelm\u00e4ss\u00e4 on kahdeksan 2-tuumaista Articulated Array -neodyymielementti\u00e4, joten se takaa laajan peittoalueen. J\u00e4rjestelm\u00e4 tarjoaa 180 asteen vaakasuuntaisen peiton ja \u00e4\u00e4nen laajan pystysuuntaisen hajaantumisen, joten yleis\u00f6 kuulee \u00e4\u00e4nen selke\u00e4sti sek\u00e4 istuessaan ett\u00e4 seisoessaan. \u00c4\u00e4ni kantaa my\u00f6s alueen reunoille pieniss\u00e4 ja keskisuurissa tiloissa, kuten kahviloissa.<\/p>\n<p><strong>BOSE L1 Pro 8<\/strong><br \/>\nPower: Mids\/Treble 60 W \/ Bass 240 W<br \/>\nkoko: (K x L x S): 200.5 x 31.8 x 44.0 cm<br \/>\nPaino: 17.65 kg<br \/>\nLiit\u00e4nn\u00e4t: 2x 6.35 mm XLR combo with phantom power, 1x 3.5 mm AUX and Bluetooth<\/p>\n<p>https:\/\/www.bose.fi\/fi_fi\/products\/speakers\/portable_pa_speakers\/l1-pro8-portable-line-array-system.html#v=l1_pro8_black_eu<\/p>\n<p><strong>Subi: WHARFEDALE PRO DELTA-AX15B aktiivi subwoofer 15&#8243;<\/strong> 1800W peak<br \/>\nhttps:\/\/discoland.fi\/wharfedale-pro-delta-ax15b<\/p>\n<p>Tehokas D-luokan vahvistin on kytketty kattavaan tuloasteeseen. Tasapainotetut tulot, balansoidut linjatason l\u00e4hd\u00f6t ja Hi Pass Filter -l\u00e4hd\u00f6t tekev\u00e4t liit\u00e4nn\u00f6ist\u00e4 yksinkertaisia \u200b\u200bja monipuolisia. Alip\u00e4\u00e4st\u00f6suodattimen s\u00e4\u00e4din mahdollistaa hienos\u00e4\u00e4d\u00f6n kaikkiin j\u00e4rjestelm\u00e4ss\u00e4 k\u00e4ytettyihin t\u00e4yden alueen huippuihin.<\/p>\n<p>Mitat pakkaamattomana:<br \/>\nKorkeus 471 mm \/ 18,54&#8243;<br \/>\nLeveys 471 mm \/ 18,54&#8243;<br \/>\nSyvyys 600 mm \/ 23,62&#8243;<\/p>\n<p>Paino 37 kg<\/p>","protected":false},"excerpt":{"rendered":"<p>\u00c4\u00e4nentoisto isoon tilaan maks. 500 m2<\/p>","protected":false},"featured_media":357,"comment_status":"closed","ping_status":"closed","template":"","meta":[],"product_cat":[26],"product_tag":[29],"class_list":{"0":"post-119","1":"product","2":"type-product","3":"status-publish","4":"has-post-thumbnail","6":"product_cat-aanentoisto","7":"product_tag-aanentoisto","9":"first","10":"instock","11":"shipping-taxable","12":"purchasable","13":"product-type-simple"},"_links":{"self":[{"href":"https:\/\/melumaailma.fi\/fi\/wp-json\/wp\/v2\/product\/119","targetHints":{"allow":["GET"]}}],"collection":[{"href":"https:\/\/melumaailma.fi\/fi\/wp-json\/wp\/v2\/product"}],"about":[{"href":"https:\/\/melumaailma.fi\/fi\/wp-json\/wp\/v2\/types\/product"}],"replies":[{"embeddable":true,"href":"https:\/\/melumaailma.fi\/fi\/wp-json\/wp\/v2\/comments?post=119"}],"wp:featuredmedia":[{"embeddable":true,"href":"https:\/\/melumaailma.fi\/fi\/wp-json\/wp\/v2\/media\/357"}],"wp:attachment":[{"href":"https:\/\/melumaailma.fi\/fi\/wp-json\/wp\/v2\/media?parent=119"}],"wp:term":[{"taxonomy":"product_cat","embeddable":true,"href":"https:\/\/melumaailma.fi\/fi\/wp-json\/wp\/v2\/product_cat?post=119"},{"taxonomy":"product_tag","embeddable":true,"href":"https:\/\/melumaailma.fi\/fi\/wp-json\/wp\/v2\/product_tag?post=119"}],"curies":[{"name":"wp","href":"https:\/\/api.w.org\/{rel}","templated":true}]}}