{"id":117,"date":"2023-09-27T00:11:06","date_gmt":"2023-09-26T21:11:06","guid":{"rendered":"https:\/\/melumaailma.fi\/?post_type=product&#038;p=117"},"modified":"2024-03-22T19:39:53","modified_gmt":"2024-03-22T17:39:53","slug":"aanentoisto-ja-valot-bandikeikalle","status":"publish","type":"product","link":"https:\/\/melumaailma.fi\/fi\/tuote\/aanentoisto-ja-valot-bandikeikalle\/","title":{"rendered":"\u00c4\u00e4nentoisto, valot ja valomies b\u00e4ndikeikalle"},"content":{"rendered":"<p><strong>Digitaalinen mikseri: Soundcraft UI24R, <\/strong>r\u00e4kkiasennettava\u00a019&#8243; 4 U IPAD k\u00e4ytt\u00f6\u00f6n ja moniraitanauhoitusj\u00e4rjestelm\u00e4, jossa on joustava I\/O, kirkas \u00e4\u00e4nenlaatu, intuitiivinen langaton kontrolli ja tielle kelpaava luotettavuus &#8211; kaikki virtaviivaisessa paketissa.<br \/>\nhttps:\/\/discoland.fi\/soundcraft-ui24r<\/p>\n<p><strong>Yl\u00e4p\u00e4\u00e4t: Wharfedale PRO Titan AX12 aktiivikaiutin 12&#8243;<\/strong><br \/>\nLaadukas Bi-Amp sek\u00e4 DSP varusteltu kevyt keikkakaiutin tiskijukille, viihdytt\u00e4jille ja esiintyjille.<br \/>\nPieni paino, iso \u00e4\u00e4nentuotto, helppo liikutella.<br \/>\nDispersio hybridi symmetrinen laaja 100 x 80 astetta.<br \/>\nMitat 663 x 435 x 408 mm sek\u00e4 paino 12,4 kg netto.<br \/>\nhttps:\/\/discoland.fi\/wharferdale-pro-titan-ax12-aktiivikaiutin-12-600w<\/p>\n<p><strong>Subi: WHARFEDALE PRO DELTA-AX15B aktiivi subwoofer 15&#8243;<\/strong> 1800W peak<br \/>\nhttps:\/\/discoland.fi\/wharfedale-pro-delta-ax15b<\/p>\n<p>Tehokas D-luokan vahvistin on kytketty kattavaan tuloasteeseen. Tasapainotetut tulot, balansoidut linjatason l\u00e4hd\u00f6t ja Hi Pass Filter -l\u00e4hd\u00f6t tekev\u00e4t liit\u00e4nn\u00f6ist\u00e4 yksinkertaisia \u200b\u200bja monipuolisia. Alip\u00e4\u00e4st\u00f6suodattimen s\u00e4\u00e4din mahdollistaa hienos\u00e4\u00e4d\u00f6n kaikkiin j\u00e4rjestelm\u00e4ss\u00e4 k\u00e4ytettyihin t\u00e4yden alueen huippuihin.<\/p>\n<p>Mitat pakkaamattomana:<br \/>\nKorkeus 471 mm \/ 18,54&#8243;<br \/>\nLeveys 471 mm \/ 18,54&#8243;<br \/>\nSyvyys 600 mm \/ 23,62&#8243;<\/p>\n<p>Paino 37 kg<\/p>\n<p><strong>Valotorni<\/strong><br \/>\nGlobal Truss f34, 1,5m teline.<br \/>\nSis\u00e4lt\u00e4\u00e4 3 kpl staattista, v\u00e4ri\u00e4 vaihtavaa valoa sek\u00e4 yhden laser- \/ led- \/ uv-valon.<br \/>\nValot saadaan reagoimaan musiikin mukaan.<\/p>\n<p>Paino n. 20 kg<\/p>\n<p><strong>Valomies keikan ajaksi sis\u00e4ltyy hintaan.<\/strong><\/p>\n<p>Pyyd\u00e4 tarjous!<\/p>","protected":false},"excerpt":{"rendered":"<p>T\u00e4ydellinen b\u00e4ndien keikkasetti sis\u00e4tilojen keikoille sis\u00e4lt\u00e4en valomiehen.<\/p>","protected":false},"featured_media":353,"comment_status":"closed","ping_status":"closed","template":"","meta":[],"product_cat":[22],"product_tag":[29,23],"class_list":{"0":"post-117","1":"product","2":"type-product","3":"status-publish","4":"has-post-thumbnail","6":"product_cat-tuotepaketti","7":"product_tag-aanentoisto","8":"product_tag-tuotepaketti","10":"first","11":"instock","12":"shipping-taxable","13":"product-type-simple"},"_links":{"self":[{"href":"https:\/\/melumaailma.fi\/fi\/wp-json\/wp\/v2\/product\/117","targetHints":{"allow":["GET"]}}],"collection":[{"href":"https:\/\/melumaailma.fi\/fi\/wp-json\/wp\/v2\/product"}],"about":[{"href":"https:\/\/melumaailma.fi\/fi\/wp-json\/wp\/v2\/types\/product"}],"replies":[{"embeddable":true,"href":"https:\/\/melumaailma.fi\/fi\/wp-json\/wp\/v2\/comments?post=117"}],"wp:featuredmedia":[{"embeddable":true,"href":"https:\/\/melumaailma.fi\/fi\/wp-json\/wp\/v2\/media\/353"}],"wp:attachment":[{"href":"https:\/\/melumaailma.fi\/fi\/wp-json\/wp\/v2\/media?parent=117"}],"wp:term":[{"taxonomy":"product_cat","embeddable":true,"href":"https:\/\/melumaailma.fi\/fi\/wp-json\/wp\/v2\/product_cat?post=117"},{"taxonomy":"product_tag","embeddable":true,"href":"https:\/\/melumaailma.fi\/fi\/wp-json\/wp\/v2\/product_tag?post=117"}],"curies":[{"name":"wp","href":"https:\/\/api.w.org\/{rel}","templated":true}]}}