{"id":116,"date":"2023-09-27T00:11:06","date_gmt":"2023-09-26T21:11:06","guid":{"rendered":"https:\/\/melumaailma.fi\/?post_type=product&#038;p=116"},"modified":"2024-03-22T19:42:48","modified_gmt":"2024-03-22T17:42:48","slug":"dj-palvelut","status":"publish","type":"product","link":"https:\/\/melumaailma.fi\/fi\/tuote\/dj-palvelut\/","title":{"rendered":"DJ-palvelut"},"content":{"rendered":"<p>Oikeanlainen musiikki oikeissa v\u00e4leiss\u00e4 rakentaa tapahtumasta aivan eri tason kokemuksen. Meilt\u00e4 saat ammattimaisen DJ:n tapahtumiin ja juhliin pit\u00e4m\u00e4\u00e4n juhlatunnelmaa korkealla ja hoitamaan tarvittaessa my\u00f6s taustamusiikkia sopiviin v\u00e4leihin.<\/p>\n<p>Pyyd\u00e4 tarjous!<\/p>\n<p>&nbsp;<\/p>\n<p><img fetchpriority=\"high\" decoding=\"async\" class=\"alignnone size-medium wp-image-520\" src=\"https:\/\/melumaailma.fi\/wp-content\/uploads\/2024\/03\/Nayttokuva-2024-02-21-145014-300x240.png\" alt=\"\" width=\"300\" height=\"240\" srcset=\"https:\/\/melumaailma.fi\/wp-content\/uploads\/2024\/03\/Nayttokuva-2024-02-21-145014-300x240.png 300w, https:\/\/melumaailma.fi\/wp-content\/uploads\/2024\/03\/Nayttokuva-2024-02-21-145014-768x615.png 768w, https:\/\/melumaailma.fi\/wp-content\/uploads\/2024\/03\/Nayttokuva-2024-02-21-145014-15x12.png 15w, https:\/\/melumaailma.fi\/wp-content\/uploads\/2024\/03\/Nayttokuva-2024-02-21-145014-600x480.png 600w, https:\/\/melumaailma.fi\/wp-content\/uploads\/2024\/03\/Nayttokuva-2024-02-21-145014.png 841w\" sizes=\"(max-width: 300px) 100vw, 300px\" \/>\u00a0 \u00a0 \u00a0 \u00a0 \u00a0 \u00a0 \u00a0 \u00a0 \u00a0 \u00a0 \u00a0 \u00a0 \u00a0 \u00a0 \u00a0\u00a0<img decoding=\"async\" class=\"alignnone size-medium wp-image-521\" src=\"https:\/\/melumaailma.fi\/wp-content\/uploads\/2024\/03\/Nayttokuva-2024-02-21-142739-300x239.png\" alt=\"\" width=\"300\" height=\"239\" srcset=\"https:\/\/melumaailma.fi\/wp-content\/uploads\/2024\/03\/Nayttokuva-2024-02-21-142739-300x239.png 300w, https:\/\/melumaailma.fi\/wp-content\/uploads\/2024\/03\/Nayttokuva-2024-02-21-142739-768x612.png 768w, https:\/\/melumaailma.fi\/wp-content\/uploads\/2024\/03\/Nayttokuva-2024-02-21-142739-15x12.png 15w, https:\/\/melumaailma.fi\/wp-content\/uploads\/2024\/03\/Nayttokuva-2024-02-21-142739-600x478.png 600w, https:\/\/melumaailma.fi\/wp-content\/uploads\/2024\/03\/Nayttokuva-2024-02-21-142739.png 839w\" sizes=\"(max-width: 300px) 100vw, 300px\" \/><\/p>","protected":false},"excerpt":{"rendered":"<p>DJ tapahtumiin ja juhliin<\/p>","protected":false},"featured_media":348,"comment_status":"closed","ping_status":"closed","template":"","meta":[],"product_cat":[22],"product_tag":[23],"class_list":{"0":"post-116","1":"product","2":"type-product","3":"status-publish","4":"has-post-thumbnail","6":"product_cat-tuotepaketti","7":"product_tag-tuotepaketti","9":"first","10":"instock","11":"shipping-taxable","12":"product-type-simple"},"_links":{"self":[{"href":"https:\/\/melumaailma.fi\/fi\/wp-json\/wp\/v2\/product\/116","targetHints":{"allow":["GET"]}}],"collection":[{"href":"https:\/\/melumaailma.fi\/fi\/wp-json\/wp\/v2\/product"}],"about":[{"href":"https:\/\/melumaailma.fi\/fi\/wp-json\/wp\/v2\/types\/product"}],"replies":[{"embeddable":true,"href":"https:\/\/melumaailma.fi\/fi\/wp-json\/wp\/v2\/comments?post=116"}],"wp:featuredmedia":[{"embeddable":true,"href":"https:\/\/melumaailma.fi\/fi\/wp-json\/wp\/v2\/media\/348"}],"wp:attachment":[{"href":"https:\/\/melumaailma.fi\/fi\/wp-json\/wp\/v2\/media?parent=116"}],"wp:term":[{"taxonomy":"product_cat","embeddable":true,"href":"https:\/\/melumaailma.fi\/fi\/wp-json\/wp\/v2\/product_cat?post=116"},{"taxonomy":"product_tag","embeddable":true,"href":"https:\/\/melumaailma.fi\/fi\/wp-json\/wp\/v2\/product_tag?post=116"}],"curies":[{"name":"wp","href":"https:\/\/api.w.org\/{rel}","templated":true}]}}