{"id":110,"date":"2023-09-27T00:11:05","date_gmt":"2023-09-26T21:11:05","guid":{"rendered":"https:\/\/melumaailma.fi\/?post_type=product&#038;p=110"},"modified":"2024-01-08T13:39:53","modified_gmt":"2024-01-08T11:39:53","slug":"infoviestinta-toistin-ohjelmisto","status":"publish","type":"product","link":"https:\/\/melumaailma.fi\/fi\/tuote\/infoviestinta-toistin-ohjelmisto\/","title":{"rendered":"Infoviestint\u00e4 toistin + ohjelmisto"},"content":{"rendered":"<p>Mini-PC n\u00e4yt\u00f6lle, mill\u00e4 siirret\u00e4\u00e4n kuvamateriaalit ruudulle. Hallitaan internet-selaimella.<\/p>\n<div>Fitlet3 on pienikokoinen, mutta ominaisuuksiltaan t\u00e4ysiverinen teollisuustietokone. Se soveltuu ominaisuuksiltaan esim. infon\u00e4ytt\u00f6ihin ja verkkosovelluksiin. Fitlet3 on pienen kokonsa lis\u00e4ksi t\u00e4ysin \u00e4\u00e4net\u00f6n, sill\u00e4 siin\u00e4 ei ole liikkuvia osia. Laitteen j\u00e4\u00e4hdytyksen hoitaa sen alumiininen kotelo.<\/div>\n<ul>\n<li>Laajat langattomat ja langalliset yhteydet<\/li>\n<li>Teollinen rakenne ja luotettavuus<\/li>\n<li>pienikokoinen ja passiivisesti j\u00e4\u00e4hdytetty<\/li>\n<\/ul>","protected":false},"excerpt":{"rendered":"<p>N\u00e4yt\u00f6n lis\u00e4osa (mini-PC), mill\u00e4 on mahdollista siirt\u00e4\u00e4 helposti kuvamateriaalia n\u00e4yt\u00f6lle. Hallitaan internet-selaimella.<\/p>","protected":false},"featured_media":359,"comment_status":"closed","ping_status":"closed","template":"","meta":[],"product_cat":[20],"product_tag":[21],"class_list":{"0":"post-110","1":"product","2":"type-product","3":"status-publish","4":"has-post-thumbnail","6":"product_cat-esitystekniikka","7":"product_tag-esitystekniikka","9":"first","10":"instock","11":"shipping-taxable","12":"purchasable","13":"product-type-simple"},"_links":{"self":[{"href":"https:\/\/melumaailma.fi\/fi\/wp-json\/wp\/v2\/product\/110","targetHints":{"allow":["GET"]}}],"collection":[{"href":"https:\/\/melumaailma.fi\/fi\/wp-json\/wp\/v2\/product"}],"about":[{"href":"https:\/\/melumaailma.fi\/fi\/wp-json\/wp\/v2\/types\/product"}],"replies":[{"embeddable":true,"href":"https:\/\/melumaailma.fi\/fi\/wp-json\/wp\/v2\/comments?post=110"}],"wp:featuredmedia":[{"embeddable":true,"href":"https:\/\/melumaailma.fi\/fi\/wp-json\/wp\/v2\/media\/359"}],"wp:attachment":[{"href":"https:\/\/melumaailma.fi\/fi\/wp-json\/wp\/v2\/media?parent=110"}],"wp:term":[{"taxonomy":"product_cat","embeddable":true,"href":"https:\/\/melumaailma.fi\/fi\/wp-json\/wp\/v2\/product_cat?post=110"},{"taxonomy":"product_tag","embeddable":true,"href":"https:\/\/melumaailma.fi\/fi\/wp-json\/wp\/v2\/product_tag?post=110"}],"curies":[{"name":"wp","href":"https:\/\/api.w.org\/{rel}","templated":true}]}}