{"id":108,"date":"2023-09-27T00:11:04","date_gmt":"2023-09-26T21:11:04","guid":{"rendered":"https:\/\/melumaailma.fi\/?post_type=product&#038;p=108"},"modified":"2024-03-22T19:41:00","modified_gmt":"2024-03-22T17:41:00","slug":"infonaytto-65-trussilla","status":"publish","type":"product","link":"https:\/\/melumaailma.fi\/fi\/tuote\/infonaytto-65-trussilla\/","title":{"rendered":"Infon\u00e4ytt\u00f6 65&#8243; trussilla"},"content":{"rendered":"<p>Ammattitason infon\u00e4ytt\u00f6, johon kuva ei pala kiinni pitk\u00e4nk\u00e4\u00e4n toiston aikana.<\/p>\n<p><strong>Infon\u00e4ytt\u00f6<\/strong><\/p>\n<p>Kirkkaus 700 nits<br \/>\nHDMI-portteja 4 kpl (2.0)<br \/>\nDVI-portti Kyll\u00e4<br \/>\nLAN Kyll\u00e4<br \/>\nEthernet LAN (RJ-45)-portit Kyll\u00e4<br \/>\nUSB 2.0 -portit 2 kpl<br \/>\nUSB 3.0 -portit Kyll\u00e4<br \/>\nAudio In Kyll\u00e4<br \/>\nAudio Out Kyll\u00e4 (2.0)<br \/>\nVGA Kyll\u00e4<br \/>\nSis\u00e4iset kaiuttimet 2 x 10 w<\/p>\n<p>Tuotteen leveys 145 cm<br \/>\nTuotteen syvyys 7,4\/9,6 cm<br \/>\nTuotteen korkeus 83 cm<br \/>\nPaino 24,4 kg<\/p>\n<blockquote class=\"wp-embedded-content\" data-secret=\"97KhCYMAdQ\"><p><a href=\"https:\/\/finluxpro.com\/ammattinaytot\/65-uhd-24-7-700nit-vestel-pr\">65&#8243; UHD 24\/7 (700nit) Vestel PR<\/a><\/p><\/blockquote>\n<p><iframe class=\"wp-embedded-content\" sandbox=\"allow-scripts\" security=\"restricted\" style=\"position: absolute; clip: rect(1px, 1px, 1px, 1px);\" title=\"&#8220;65&#8243; UHD 24\/7 (700nit) Vestel PR&#8221; &#8212; Finluxpro\" src=\"https:\/\/finluxpro.com\/ammattinaytot\/65-uhd-24-7-700nit-vestel-pr\/embed#?secret=iBjlXyacfi#?secret=97KhCYMAdQ\" data-secret=\"97KhCYMAdQ\" width=\"600\" height=\"338\" frameborder=\"0\" marginwidth=\"0\" marginheight=\"0\" scrolling=\"no\"><\/iframe><\/p>\n<p><strong>Trussiteline n\u00e4yt\u00f6lle<\/strong><\/p>\n<p>Global truss F44<br \/>\nPituus 2,5 m<br \/>\nPaino n. 15 kg<br \/>\nPohjalaatan koko 600 x 600 mm<br \/>\nhttps:\/\/discoland.fi\/globaltruss-f34200-2000mm-4-pistetrussi-50mm<\/p>","protected":false},"excerpt":{"rendered":"<p>Infon\u00e4ytt\u00f6 65&#8243; trussitelineell\u00e4<\/p>","protected":false},"featured_media":338,"comment_status":"closed","ping_status":"closed","template":"","meta":[],"product_cat":[17],"product_tag":[21],"class_list":{"0":"post-108","1":"product","2":"type-product","3":"status-publish","4":"has-post-thumbnail","6":"product_cat-yleinen","7":"product_tag-esitystekniikka","9":"first","10":"instock","11":"shipping-taxable","12":"purchasable","13":"product-type-simple"},"_links":{"self":[{"href":"https:\/\/melumaailma.fi\/fi\/wp-json\/wp\/v2\/product\/108","targetHints":{"allow":["GET"]}}],"collection":[{"href":"https:\/\/melumaailma.fi\/fi\/wp-json\/wp\/v2\/product"}],"about":[{"href":"https:\/\/melumaailma.fi\/fi\/wp-json\/wp\/v2\/types\/product"}],"replies":[{"embeddable":true,"href":"https:\/\/melumaailma.fi\/fi\/wp-json\/wp\/v2\/comments?post=108"}],"wp:featuredmedia":[{"embeddable":true,"href":"https:\/\/melumaailma.fi\/fi\/wp-json\/wp\/v2\/media\/338"}],"wp:attachment":[{"href":"https:\/\/melumaailma.fi\/fi\/wp-json\/wp\/v2\/media?parent=108"}],"wp:term":[{"taxonomy":"product_cat","embeddable":true,"href":"https:\/\/melumaailma.fi\/fi\/wp-json\/wp\/v2\/product_cat?post=108"},{"taxonomy":"product_tag","embeddable":true,"href":"https:\/\/melumaailma.fi\/fi\/wp-json\/wp\/v2\/product_tag?post=108"}],"curies":[{"name":"wp","href":"https:\/\/api.w.org\/{rel}","templated":true}]}}