{"id":39,"date":"2023-09-25T16:03:56","date_gmt":"2023-09-25T13:03:56","guid":{"rendered":"https:\/\/melumaailma.fi\/?page_id=39"},"modified":"2024-01-14T12:49:04","modified_gmt":"2024-01-14T10:49:04","slug":"yritys","status":"publish","type":"page","link":"https:\/\/melumaailma.fi\/fi\/yritys\/","title":{"rendered":"Yritys"},"content":{"rendered":"<div data-elementor-type=\"wp-page\" data-elementor-id=\"39\" class=\"elementor elementor-39\" data-elementor-post-type=\"page\">\n\t\t\t\t<div class=\"elementor-element elementor-element-8c80e19 e-flex e-con-boxed e-con e-parent\" data-id=\"8c80e19\" data-element_type=\"container\" data-settings=\"{&quot;background_background&quot;:&quot;classic&quot;}\">\n\t\t\t\t\t<div class=\"e-con-inner\">\n\t\t<div class=\"elementor-element elementor-element-193b620 e-con-full e-flex e-con e-child\" data-id=\"193b620\" data-element_type=\"container\">\n\t\t\t\t<div class=\"elementor-element elementor-element-28a2ee9 elementor-widget elementor-widget-heading\" data-id=\"28a2ee9\" data-element_type=\"widget\" data-widget_type=\"heading.default\">\n\t\t\t\t<div class=\"elementor-widget-container\">\n\t\t\t<style>\/*! elementor - v3.23.0 - 05-08-2024 *\/\n.elementor-heading-title{padding:0;margin:0;line-height:1}.elementor-widget-heading .elementor-heading-title[class*=elementor-size-]>a{color:inherit;font-size:inherit;line-height:inherit}.elementor-widget-heading .elementor-heading-title.elementor-size-small{font-size:15px}.elementor-widget-heading .elementor-heading-title.elementor-size-medium{font-size:19px}.elementor-widget-heading .elementor-heading-title.elementor-size-large{font-size:29px}.elementor-widget-heading .elementor-heading-title.elementor-size-xl{font-size:39px}.elementor-widget-heading .elementor-heading-title.elementor-size-xxl{font-size:59px}<\/style><h1 class=\"elementor-heading-title elementor-size-default\">Yritys<\/h1>\t\t<\/div>\n\t\t\t\t<\/div>\n\t\t\t\t<div class=\"elementor-element elementor-element-3ae21dc elementor-widget elementor-widget-text-editor\" data-id=\"3ae21dc\" data-element_type=\"widget\" data-widget_type=\"text-editor.default\">\n\t\t\t\t<div class=\"elementor-widget-container\">\n\t\t\t<style>\/*! elementor - v3.23.0 - 05-08-2024 *\/\n.elementor-widget-text-editor.elementor-drop-cap-view-stacked .elementor-drop-cap{background-color:#69727d;color:#fff}.elementor-widget-text-editor.elementor-drop-cap-view-framed .elementor-drop-cap{color:#69727d;border:3px solid;background-color:transparent}.elementor-widget-text-editor:not(.elementor-drop-cap-view-default) .elementor-drop-cap{margin-top:8px}.elementor-widget-text-editor:not(.elementor-drop-cap-view-default) .elementor-drop-cap-letter{width:1em;height:1em}.elementor-widget-text-editor .elementor-drop-cap{float:left;text-align:center;line-height:1;font-size:50px}.elementor-widget-text-editor .elementor-drop-cap-letter{display:inline-block}<\/style>\t\t\t\t<p><span style=\"font-weight: 400;\">Melumaailma on kahden musiikkimiehen perustama palvelu, mik\u00e4 tarjoaa tapahtumiin laatua arvostaville asiakkaille ammattitason \u00e4\u00e4nentoiston ja n\u00e4ytt\u00e4v\u00e4t valot. Meilt\u00e4 saat my\u00f6s messuille tai esityksen tueksi isot n\u00e4yt\u00f6t visuaalisuutta parantamaan.\u00a0 <\/span><span style=\"font-weight: 400;\">L\u00f6yd\u00e4t meid\u00e4t Noormarkusta osoitteesta Heimotie 12 ja Jonille voi soittaakin numeroon 040 719 5331. <\/span><\/p><p><span style=\"font-weight: 400;\">Ot yhteyt ja kerro, mite voisi auttaa!<\/span><\/p>\t\t\t\t\t\t<\/div>\n\t\t\t\t<\/div>\n\t\t\t\t<\/div>\n\t\t\t\t\t<\/div>\n\t\t\t\t<\/div>\n\t\t<div class=\"elementor-element elementor-element-67d6139 e-flex e-con-boxed e-con e-child\" data-id=\"67d6139\" data-element_type=\"container\">\n\t\t\t\t\t<div class=\"e-con-inner\">\n\t\t<div class=\"elementor-element elementor-element-594c53c e-flex e-con-boxed e-con e-child\" data-id=\"594c53c\" data-element_type=\"container\">\n\t\t\t\t\t<div class=\"e-con-inner\">\n\t\t\t\t<div class=\"elementor-element elementor-element-e4336aa elementor-widget__width-inherit elementor-widget elementor-widget-wpforms\" data-id=\"e4336aa\" data-element_type=\"widget\" data-widget_type=\"wpforms.default\">\n\t\t\t\t<div class=\"elementor-widget-container\">\n\t\t\t<style id=\"wpforms-css-vars-root\">\n\t\t\t\t:root {\n\t\t\t\t\t--wpforms-field-border-radius: 3px;\n--wpforms-field-border-style: solid;\n--wpforms-field-border-size: 1px;\n--wpforms-field-background-color: #ffffff;\n--wpforms-field-border-color: rgba( 0, 0, 0, 0.25 );\n--wpforms-field-border-color-spare: rgba( 0, 0, 0, 0.25 );\n--wpforms-field-text-color: rgba( 0, 0, 0, 0.7 );\n--wpforms-field-menu-color: #ffffff;\n--wpforms-label-color: rgba( 0, 0, 0, 0.85 );\n--wpforms-label-sublabel-color: rgba( 0, 0, 0, 0.55 );\n--wpforms-label-error-color: #d63637;\n--wpforms-button-border-radius: 3px;\n--wpforms-button-border-style: none;\n--wpforms-button-border-size: 1px;\n--wpforms-button-background-color: #066aab;\n--wpforms-button-border-color: #066aab;\n--wpforms-button-text-color: #ffffff;\n--wpforms-page-break-color: #066aab;\n--wpforms-background-image: none;\n--wpforms-background-position: center center;\n--wpforms-background-repeat: no-repeat;\n--wpforms-background-size: cover;\n--wpforms-background-width: 100px;\n--wpforms-background-height: 100px;\n--wpforms-background-color: rgba( 0, 0, 0, 0 );\n--wpforms-background-url: none;\n--wpforms-container-padding: 0px;\n--wpforms-container-border-style: none;\n--wpforms-container-border-width: 1px;\n--wpforms-container-border-color: #000000;\n--wpforms-container-border-radius: 3px;\n--wpforms-field-size-input-height: 43px;\n--wpforms-field-size-input-spacing: 15px;\n--wpforms-field-size-font-size: 16px;\n--wpforms-field-size-line-height: 19px;\n--wpforms-field-size-padding-h: 14px;\n--wpforms-field-size-checkbox-size: 16px;\n--wpforms-field-size-sublabel-spacing: 5px;\n--wpforms-field-size-icon-size: 1;\n--wpforms-label-size-font-size: 16px;\n--wpforms-label-size-line-height: 19px;\n--wpforms-label-size-sublabel-font-size: 14px;\n--wpforms-label-size-sublabel-line-height: 17px;\n--wpforms-button-size-font-size: 17px;\n--wpforms-button-size-height: 41px;\n--wpforms-button-size-padding-h: 15px;\n--wpforms-button-size-margin-top: 10px;\n--wpforms-container-shadow-size-box-shadow: none;\n\n\t\t\t\t}\n\t\t\t<\/style><style id=\"wpforms-css-vars-elementor-widget-e4336aa\">\n\t\t\t\t.elementor-widget-wpforms.elementor-element-e4336aa {\n\t\t\t\t\t--wpforms-button-background-color: #04468B;\n--wpforms-button-text-color: #F3F3F3;\n--wpforms-field-size-input-height: 50px;\n--wpforms-field-size-input-spacing: 20px;\n--wpforms-field-size-font-size: 18px;\n--wpforms-field-size-line-height: 21px;\n--wpforms-field-size-padding-h: 14px;\n--wpforms-field-size-checkbox-size: 18px;\n--wpforms-field-size-sublabel-spacing: 10px;\n--wpforms-field-size-icon-size: 1.25;\n--wpforms-label-size-font-size: 16px;\n--wpforms-label-size-line-height: 19px;\n--wpforms-label-size-sublabel-font-size: 14px;\n--wpforms-label-size-sublabel-line-height: 17px;\n--wpforms-button-size-font-size: 17px;\n--wpforms-button-size-height: 41px;\n--wpforms-button-size-padding-h: 15px;\n--wpforms-button-size-margin-top: 10px;\n\n\t\t\t\t}\n\t\t\t<\/style><div class=\"wpforms-container wpforms-container-full wpforms-render-modern\" id=\"wpforms-122\"><form id=\"wpforms-form-122\" class=\"wpforms-validate wpforms-form wpforms-ajax-form\" data-formid=\"122\" method=\"post\" enctype=\"multipart\/form-data\" action=\"\/fi\/wp-json\/wp\/v2\/pages\/39\" data-token=\"364421a9f2845f2462d3f80330423b30\" data-token-time=\"1777602903\" data-trp-original-action=\"\/fi\/wp-json\/wp\/v2\/pages\/39\"><noscript class=\"wpforms-error-noscript\">Please enable JavaScript in your browser to complete this form.<\/noscript><div class=\"wpforms-hidden\" id=\"wpforms-error-noscript\">Please enable JavaScript in your browser to complete this form.<\/div><div class=\"wpforms-field-container\"><div id=\"wpforms-122-field_0-container\" class=\"wpforms-field wpforms-field-name\" data-field-id=\"0\"><label class=\"wpforms-field-label\" for=\"wpforms-122-field_0\">Etunimi <span class=\"wpforms-required-label\" aria-hidden=\"true\">*<\/span><\/label><input type=\"text\" id=\"wpforms-122-field_0\" class=\"wpforms-field-medium wpforms-field-required\" name=\"wpforms[fields][0]\" aria-errormessage=\"wpforms-122-field_0-error\" required><\/div><div id=\"wpforms-122-field_3-container\" class=\"wpforms-field wpforms-field-name\" data-field-id=\"3\"><label class=\"wpforms-field-label\" for=\"wpforms-122-field_3\">Sukunimi <span class=\"wpforms-required-label\" aria-hidden=\"true\">*<\/span><\/label><input type=\"text\" id=\"wpforms-122-field_3\" class=\"wpforms-field-medium wpforms-field-required\" name=\"wpforms[fields][3]\" aria-errormessage=\"wpforms-122-field_3-error\" required><\/div><div id=\"wpforms-122-field_1-container\" class=\"wpforms-field wpforms-field-email\" data-field-id=\"1\"><label class=\"wpforms-field-label\" for=\"wpforms-122-field_1\">S\u00e4hk\u00f6posti <span class=\"wpforms-required-label\" aria-hidden=\"true\">*<\/span><\/label><input type=\"email\" id=\"wpforms-122-field_1\" class=\"wpforms-field-medium wpforms-field-required\" name=\"wpforms[fields][1]\" spellcheck=\"false\" aria-errormessage=\"wpforms-122-field_1-error\" required><\/div><div id=\"wpforms-122-field_5-container\" class=\"wpforms-field wpforms-field-radio\" data-field-id=\"5\"><fieldset><legend class=\"wpforms-field-label\">Asiani koskee<\/legend><ul id=\"wpforms-122-field_5\"><li class=\"choice-1 depth-1 wpforms-selected\"><input type=\"radio\" id=\"wpforms-122-field_5_1\" name=\"wpforms[fields][5]\" value=\"Esitystekniikkaa\" aria-errormessage=\"wpforms-122-field_5_1-error\"   checked='checked'><label class=\"wpforms-field-label-inline\" for=\"wpforms-122-field_5_1\">Esitystekniikkaa<\/label><\/li><li class=\"choice-2 depth-1\"><input type=\"radio\" id=\"wpforms-122-field_5_2\" name=\"wpforms[fields][5]\" value=\"\u00c4\u00e4nentoistoa\" aria-errormessage=\"wpforms-122-field_5_2-error\"  ><label class=\"wpforms-field-label-inline\" for=\"wpforms-122-field_5_2\">\u00c4\u00e4nentoistoa<\/label><\/li><li class=\"choice-3 depth-1\"><input type=\"radio\" id=\"wpforms-122-field_5_3\" name=\"wpforms[fields][5]\" value=\"Molempia\" aria-errormessage=\"wpforms-122-field_5_3-error\"  ><label class=\"wpforms-field-label-inline\" for=\"wpforms-122-field_5_3\">Molempia<\/label><\/li><li class=\"choice-4 depth-1\"><input type=\"radio\" id=\"wpforms-122-field_5_4\" name=\"wpforms[fields][5]\" value=\"Jotain muuta\" aria-errormessage=\"wpforms-122-field_5_4-error\"  ><label class=\"wpforms-field-label-inline\" for=\"wpforms-122-field_5_4\">Jotain muuta<\/label><\/li><\/ul><\/fieldset><\/div><div id=\"wpforms-122-field_2-container\" class=\"wpforms-field wpforms-field-textarea\" data-field-id=\"2\"><label class=\"wpforms-field-label\" for=\"wpforms-122-field_2\">Viesti<\/label><textarea id=\"wpforms-122-field_2\" class=\"wpforms-field-medium\" name=\"wpforms[fields][2]\" aria-errormessage=\"wpforms-122-field_2-error\" ><\/textarea><\/div><\/div><!-- .wpforms-field-container --><div class=\"wpforms-submit-container\" ><input type=\"hidden\" name=\"wpforms[id]\" value=\"122\"><input type=\"hidden\" name=\"page_title\" value=\"\"><input type=\"hidden\" name=\"page_url\" value=\"https:\/\/melumaailma.fi\/fi\/wp-json\/wp\/v2\/pages\/39\"><button type=\"submit\" name=\"wpforms[submit]\" id=\"wpforms-submit-122\" class=\"wpforms-submit\" data-alt-text=\"L\u00e4hetet\u00e4\u00e4n...\" data-submit-text=\"L\u00e4het\u00e4\" aria-live=\"assertive\" value=\"wpforms-submit\">L\u00e4het\u00e4<\/button><img decoding=\"async\" src=\"https:\/\/melumaailma.fi\/wp-content\/plugins\/wpforms-lite\/assets\/images\/submit-spin.svg\" class=\"wpforms-submit-spinner\" style=\"display: none;\" width=\"26\" height=\"26\" alt=\"Loading\"><\/div><input type=\"hidden\" name=\"trp-form-language\" value=\"fi\"\/><\/form><\/div>  <!-- .wpforms-container -->\t\t<\/div>\n\t\t\t\t<\/div>\n\t\t\t\t\t<\/div>\n\t\t\t\t<\/div>\n\t\t<div class=\"elementor-element elementor-element-b3ebbb8 elementor-hidden-mobile e-flex e-con-boxed e-con e-child\" data-id=\"b3ebbb8\" data-element_type=\"container\">\n\t\t\t\t\t<div class=\"e-con-inner\">\n\t\t\t\t<div class=\"elementor-element elementor-element-46d34b8 elementor-widget elementor-widget-image\" data-id=\"46d34b8\" data-element_type=\"widget\" data-widget_type=\"image.default\">\n\t\t\t\t<div class=\"elementor-widget-container\">\n\t\t\t<style>\/*! elementor - v3.23.0 - 05-08-2024 *\/\n.elementor-widget-image{text-align:center}.elementor-widget-image a{display:inline-block}.elementor-widget-image a img[src$=\".svg\"]{width:48px}.elementor-widget-image img{vertical-align:middle;display:inline-block}<\/style>\t\t\t\t\t\t\t\t\t\t<img fetchpriority=\"high\" decoding=\"async\" width=\"768\" height=\"1152\" src=\"https:\/\/melumaailma.fi\/wp-content\/uploads\/2024\/01\/DSC1329-Edit-768x1152.jpg\" class=\"attachment-medium_large size-medium_large wp-image-386\" alt=\"\" srcset=\"https:\/\/melumaailma.fi\/wp-content\/uploads\/2024\/01\/DSC1329-Edit-768x1152.jpg 768w, https:\/\/melumaailma.fi\/wp-content\/uploads\/2024\/01\/DSC1329-Edit-200x300.jpg 200w, https:\/\/melumaailma.fi\/wp-content\/uploads\/2024\/01\/DSC1329-Edit-683x1024.jpg 683w, https:\/\/melumaailma.fi\/wp-content\/uploads\/2024\/01\/DSC1329-Edit-1024x1536.jpg 1024w, https:\/\/melumaailma.fi\/wp-content\/uploads\/2024\/01\/DSC1329-Edit-1365x2048.jpg 1365w, https:\/\/melumaailma.fi\/wp-content\/uploads\/2024\/01\/DSC1329-Edit-600x900.jpg 600w, https:\/\/melumaailma.fi\/wp-content\/uploads\/2024\/01\/DSC1329-Edit-scaled.jpg 1707w\" sizes=\"(max-width: 768px) 100vw, 768px\" \/>\t\t\t\t\t\t\t\t\t\t\t\t\t<\/div>\n\t\t\t\t<\/div>\n\t\t\t\t\t<\/div>\n\t\t\t\t<\/div>\n\t\t\t\t\t<\/div>\n\t\t\t\t<\/div>\n\t\t\t\t<\/div>","protected":false},"excerpt":{"rendered":"<p>Yritys Melumaailma on kahden musiikkimiehen perustama palvelu, mik\u00e4 tarjoaa tapahtumiin laatua arvostaville asiakkaille ammattitason \u00e4\u00e4nentoiston ja n\u00e4ytt\u00e4v\u00e4t valot. Meilt\u00e4 saat my\u00f6s messuille tai esityksen tueksi isot n\u00e4yt\u00f6t visuaalisuutta parantamaan.\u00a0 L\u00f6yd\u00e4t meid\u00e4t Noormarkusta osoitteesta Heimotie 12 ja Jonille voi soittaakin numeroon 040 719 5331. Ot yhteyt ja kerro, mite voisi auttaa! Please enable JavaScript in your [&hellip;]<\/p>","protected":false},"author":1,"featured_media":0,"parent":0,"menu_order":0,"comment_status":"closed","ping_status":"closed","template":"","meta":{"footnotes":""},"class_list":["post-39","page","type-page","status-publish","hentry"],"_links":{"self":[{"href":"https:\/\/melumaailma.fi\/fi\/wp-json\/wp\/v2\/pages\/39","targetHints":{"allow":["GET"]}}],"collection":[{"href":"https:\/\/melumaailma.fi\/fi\/wp-json\/wp\/v2\/pages"}],"about":[{"href":"https:\/\/melumaailma.fi\/fi\/wp-json\/wp\/v2\/types\/page"}],"author":[{"embeddable":true,"href":"https:\/\/melumaailma.fi\/fi\/wp-json\/wp\/v2\/users\/1"}],"replies":[{"embeddable":true,"href":"https:\/\/melumaailma.fi\/fi\/wp-json\/wp\/v2\/comments?post=39"}],"version-history":[{"count":109,"href":"https:\/\/melumaailma.fi\/fi\/wp-json\/wp\/v2\/pages\/39\/revisions"}],"predecessor-version":[{"id":453,"href":"https:\/\/melumaailma.fi\/fi\/wp-json\/wp\/v2\/pages\/39\/revisions\/453"}],"wp:attachment":[{"href":"https:\/\/melumaailma.fi\/fi\/wp-json\/wp\/v2\/media?parent=39"}],"curies":[{"name":"wp","href":"https:\/\/api.w.org\/{rel}","templated":true}]}}