{"id":34,"date":"2023-09-25T16:03:30","date_gmt":"2023-09-25T13:03:30","guid":{"rendered":"https:\/\/melumaailma.fi\/?page_id=34"},"modified":"2024-01-21T14:56:13","modified_gmt":"2024-01-21T12:56:13","slug":"tuotepaketit","status":"publish","type":"page","link":"https:\/\/melumaailma.fi\/fi\/tuotepaketit\/","title":{"rendered":"Tuotepaketit"},"content":{"rendered":"<div data-elementor-type=\"wp-page\" data-elementor-id=\"34\" class=\"elementor elementor-34\" data-elementor-post-type=\"page\">\n\t\t\t\t<div class=\"elementor-element elementor-element-167616d e-flex e-con-boxed e-con e-parent\" data-id=\"167616d\" data-element_type=\"container\">\n\t\t\t\t\t<div class=\"e-con-inner\">\n\t\t\t\t<div class=\"elementor-element elementor-element-c85806d elementor-grid-3 elementor-grid-mobile-1 elementor-product-loop-item--align-left elementor-widget-mobile__width-inherit elementor-grid-tablet-3 elementor-products-grid elementor-wc-products elementor-widget elementor-widget-woocommerce-products\" data-id=\"c85806d\" data-element_type=\"widget\" data-widget_type=\"woocommerce-products.default\">\n\t\t\t\t<div class=\"elementor-widget-container\">\n\t\t\t<link rel=\"stylesheet\" href=\"https:\/\/melumaailma.fi\/wp-content\/plugins\/elementor-pro\/assets\/css\/widget-woocommerce.min.css?ver=1725556427\"><div class=\"woocommerce columns-3\"><ul class=\"products elementor-grid columns-3\">\n<li class=\"product type-product post-117 status-publish first instock product_cat-tuotepaketti product_tag-aanentoisto product_tag-tuotepaketti has-post-thumbnail shipping-taxable product-type-simple\">\n\t<a href=\"https:\/\/melumaailma.fi\/fi\/tuote\/aanentoisto-ja-valot-bandikeikalle\/\" class=\"woocommerce-LoopProduct-link woocommerce-loop-product__link\"><img fetchpriority=\"high\" decoding=\"async\" width=\"300\" height=\"300\" src=\"https:\/\/melumaailma.fi\/wp-content\/uploads\/2023\/09\/bandipaketti-2-300x300.jpeg\" class=\"attachment-woocommerce_thumbnail size-woocommerce_thumbnail\" alt=\"\" srcset=\"https:\/\/melumaailma.fi\/wp-content\/uploads\/2023\/09\/bandipaketti-2-300x300.jpeg 300w, https:\/\/melumaailma.fi\/wp-content\/uploads\/2023\/09\/bandipaketti-2-150x150.jpeg 150w, https:\/\/melumaailma.fi\/wp-content\/uploads\/2023\/09\/bandipaketti-2-768x768.jpeg 768w, https:\/\/melumaailma.fi\/wp-content\/uploads\/2023\/09\/bandipaketti-2-600x600.jpeg 600w, https:\/\/melumaailma.fi\/wp-content\/uploads\/2023\/09\/bandipaketti-2-100x100.jpeg 100w, https:\/\/melumaailma.fi\/wp-content\/uploads\/2023\/09\/bandipaketti-2.jpeg 1024w\" sizes=\"(max-width: 300px) 100vw, 300px\" \/><h2 class=\"woocommerce-loop-product__title\">\u00c4\u00e4nentoisto, valot ja valomies b\u00e4ndikeikalle<\/h2>\n<\/a><a href=\"https:\/\/melumaailma.fi\/fi\/tuote\/aanentoisto-ja-valot-bandikeikalle\/\" aria-describedby=\"woocommerce_loop_add_to_cart_link_describedby_117\" data-quantity=\"1\" class=\"button product_type_simple\" data-product_id=\"117\" data-product_sku=\"\" aria-label=\"Lue lis\u00e4\u00e4 \u201c\u00c4\u00e4nentoisto, valot ja valomies b\u00e4ndikeikalle\u201d asiasta\" rel=\"nofollow\" data-no-translation=\"\" data-trp-gettext=\"\" data-no-translation-aria-label=\"\">Lue lis\u00e4\u00e4<\/a><span id=\"woocommerce_loop_add_to_cart_link_describedby_117\" class=\"screen-reader-text\">\n\t<\/span>\n<\/li>\n<li class=\"product type-product post-116 status-publish instock product_cat-tuotepaketti product_tag-tuotepaketti has-post-thumbnail shipping-taxable product-type-simple\">\n\t<a href=\"https:\/\/melumaailma.fi\/fi\/tuote\/dj-palvelut\/\" class=\"woocommerce-LoopProduct-link woocommerce-loop-product__link\"><img decoding=\"async\" width=\"300\" height=\"300\" src=\"https:\/\/melumaailma.fi\/wp-content\/uploads\/2023\/09\/happy-dj-300x300.jpeg\" class=\"attachment-woocommerce_thumbnail size-woocommerce_thumbnail\" alt=\"happy dj\" srcset=\"https:\/\/melumaailma.fi\/wp-content\/uploads\/2023\/09\/happy-dj-300x300.jpeg 300w, https:\/\/melumaailma.fi\/wp-content\/uploads\/2023\/09\/happy-dj-150x150.jpeg 150w, https:\/\/melumaailma.fi\/wp-content\/uploads\/2023\/09\/happy-dj-768x768.jpeg 768w, https:\/\/melumaailma.fi\/wp-content\/uploads\/2023\/09\/happy-dj-600x600.jpeg 600w, https:\/\/melumaailma.fi\/wp-content\/uploads\/2023\/09\/happy-dj-100x100.jpeg 100w, https:\/\/melumaailma.fi\/wp-content\/uploads\/2023\/09\/happy-dj.jpeg 1024w\" sizes=\"(max-width: 300px) 100vw, 300px\" \/><h2 class=\"woocommerce-loop-product__title\">DJ-palvelut<\/h2>\n<\/a><a href=\"https:\/\/melumaailma.fi\/fi\/tuote\/dj-palvelut\/\" aria-describedby=\"woocommerce_loop_add_to_cart_link_describedby_116\" data-quantity=\"1\" class=\"button product_type_simple\" data-product_id=\"116\" data-product_sku=\"\" aria-label=\"Lue lis\u00e4\u00e4 \u201cDJ-palvelut\u201d asiasta\" rel=\"nofollow\" data-no-translation=\"\" data-trp-gettext=\"\" data-no-translation-aria-label=\"\">Lue lis\u00e4\u00e4<\/a><span id=\"woocommerce_loop_add_to_cart_link_describedby_116\" class=\"screen-reader-text\">\n\t<\/span>\n<\/li>\n<li class=\"product type-product post-115 status-publish last instock product_cat-tuotepaketti product_tag-tuotepaketti has-post-thumbnail shipping-taxable purchasable product-type-simple\">\n\t<a href=\"https:\/\/melumaailma.fi\/fi\/tuote\/haapaketti-ilman-dj\/\" class=\"woocommerce-LoopProduct-link woocommerce-loop-product__link\"><img decoding=\"async\" width=\"300\" height=\"300\" src=\"https:\/\/melumaailma.fi\/wp-content\/uploads\/2023\/09\/haapaketti-ilman-DJta-300x300.jpeg\" class=\"attachment-woocommerce_thumbnail size-woocommerce_thumbnail\" alt=\"\" srcset=\"https:\/\/melumaailma.fi\/wp-content\/uploads\/2023\/09\/haapaketti-ilman-DJta-300x300.jpeg 300w, https:\/\/melumaailma.fi\/wp-content\/uploads\/2023\/09\/haapaketti-ilman-DJta-150x150.jpeg 150w, https:\/\/melumaailma.fi\/wp-content\/uploads\/2023\/09\/haapaketti-ilman-DJta-768x768.jpeg 768w, https:\/\/melumaailma.fi\/wp-content\/uploads\/2023\/09\/haapaketti-ilman-DJta-600x600.jpeg 600w, https:\/\/melumaailma.fi\/wp-content\/uploads\/2023\/09\/haapaketti-ilman-DJta-100x100.jpeg 100w, https:\/\/melumaailma.fi\/wp-content\/uploads\/2023\/09\/haapaketti-ilman-DJta.jpeg 1024w\" sizes=\"(max-width: 300px) 100vw, 300px\" \/><h2 class=\"woocommerce-loop-product__title\">H\u00e4\u00e4paketti ilman DJ:t\u00e4<\/h2>\n\t<span class=\"price\"><span class=\"woocommerce-Price-amount amount\"><bdi>500,00<span class=\"woocommerce-Price-currencySymbol\">&euro;<\/span><\/bdi><\/span><\/span>\n<\/a><a href=\"?add-to-cart=115\" aria-describedby=\"woocommerce_loop_add_to_cart_link_describedby_115\" data-quantity=\"1\" class=\"button product_type_simple add_to_cart_button ajax_add_to_cart\" data-product_id=\"115\" data-product_sku=\"\" aria-label=\"Lis\u00e4\u00e4 ostoskoriin\" rel=\"nofollow\" data-no-translation=\"\" data-trp-gettext=\"\" data-no-translation-aria-label=\"\">Lis\u00e4\u00e4 ostoskoriin<\/a><span id=\"woocommerce_loop_add_to_cart_link_describedby_115\" class=\"screen-reader-text\">\n\t<\/span>\n<\/li>\n<li class=\"product type-product post-114 status-publish first instock product_cat-tuotepaketti product_tag-tuotepaketti has-post-thumbnail shipping-taxable purchasable product-type-simple\">\n\t<a href=\"https:\/\/melumaailma.fi\/fi\/tuote\/bilepaketti-syntymapaivat-isotila\/\" class=\"woocommerce-LoopProduct-link woocommerce-loop-product__link\"><img loading=\"lazy\" decoding=\"async\" width=\"300\" height=\"300\" src=\"https:\/\/melumaailma.fi\/wp-content\/uploads\/2023\/09\/Bilepaketti-syntymapaiville2-300x300.jpeg\" class=\"attachment-woocommerce_thumbnail size-woocommerce_thumbnail\" alt=\"\" srcset=\"https:\/\/melumaailma.fi\/wp-content\/uploads\/2023\/09\/Bilepaketti-syntymapaiville2-300x300.jpeg 300w, https:\/\/melumaailma.fi\/wp-content\/uploads\/2023\/09\/Bilepaketti-syntymapaiville2-150x150.jpeg 150w, https:\/\/melumaailma.fi\/wp-content\/uploads\/2023\/09\/Bilepaketti-syntymapaiville2-768x768.jpeg 768w, https:\/\/melumaailma.fi\/wp-content\/uploads\/2023\/09\/Bilepaketti-syntymapaiville2-600x600.jpeg 600w, https:\/\/melumaailma.fi\/wp-content\/uploads\/2023\/09\/Bilepaketti-syntymapaiville2-100x100.jpeg 100w, https:\/\/melumaailma.fi\/wp-content\/uploads\/2023\/09\/Bilepaketti-syntymapaiville2.jpeg 1024w\" sizes=\"(max-width: 300px) 100vw, 300px\" \/><h2 class=\"woocommerce-loop-product__title\">Bilepaketti syntym\u00e4p\u00e4iville isoon tilaan<\/h2>\n\t<span class=\"price\"><span class=\"woocommerce-Price-amount amount\"><bdi>320,00<span class=\"woocommerce-Price-currencySymbol\">&euro;<\/span><\/bdi><\/span><\/span>\n<\/a><a href=\"?add-to-cart=114\" aria-describedby=\"woocommerce_loop_add_to_cart_link_describedby_114\" data-quantity=\"1\" class=\"button product_type_simple add_to_cart_button ajax_add_to_cart\" data-product_id=\"114\" data-product_sku=\"\" aria-label=\"Lis\u00e4\u00e4 ostoskoriin\" rel=\"nofollow\" data-no-translation=\"\" data-trp-gettext=\"\" data-no-translation-aria-label=\"\">Lis\u00e4\u00e4 ostoskoriin<\/a><span id=\"woocommerce_loop_add_to_cart_link_describedby_114\" class=\"screen-reader-text\">\n\t<\/span>\n<\/li>\n<li class=\"product type-product post-113 status-publish instock product_cat-tuotepaketti product_tag-tuotepaketti has-post-thumbnail shipping-taxable purchasable product-type-simple\">\n\t<a href=\"https:\/\/melumaailma.fi\/fi\/tuote\/bilepaketti-syntymapaivat-pienitila\/\" class=\"woocommerce-LoopProduct-link woocommerce-loop-product__link\"><img loading=\"lazy\" decoding=\"async\" width=\"300\" height=\"300\" src=\"https:\/\/melumaailma.fi\/wp-content\/uploads\/2023\/09\/Bilepaketti-syntymapaiville-300x300.jpeg\" class=\"attachment-woocommerce_thumbnail size-woocommerce_thumbnail\" alt=\"\" srcset=\"https:\/\/melumaailma.fi\/wp-content\/uploads\/2023\/09\/Bilepaketti-syntymapaiville-300x300.jpeg 300w, https:\/\/melumaailma.fi\/wp-content\/uploads\/2023\/09\/Bilepaketti-syntymapaiville-150x150.jpeg 150w, https:\/\/melumaailma.fi\/wp-content\/uploads\/2023\/09\/Bilepaketti-syntymapaiville-768x768.jpeg 768w, https:\/\/melumaailma.fi\/wp-content\/uploads\/2023\/09\/Bilepaketti-syntymapaiville-600x600.jpeg 600w, https:\/\/melumaailma.fi\/wp-content\/uploads\/2023\/09\/Bilepaketti-syntymapaiville-100x100.jpeg 100w, https:\/\/melumaailma.fi\/wp-content\/uploads\/2023\/09\/Bilepaketti-syntymapaiville.jpeg 1024w\" sizes=\"(max-width: 300px) 100vw, 300px\" \/><h2 class=\"woocommerce-loop-product__title\">Bilepaketti syntym\u00e4p\u00e4iville pieneen tilaan<\/h2>\n\t<span class=\"price\"><span class=\"woocommerce-Price-amount amount\"><bdi>250,00<span class=\"woocommerce-Price-currencySymbol\">&euro;<\/span><\/bdi><\/span><\/span>\n<\/a><a href=\"?add-to-cart=113\" aria-describedby=\"woocommerce_loop_add_to_cart_link_describedby_113\" data-quantity=\"1\" class=\"button product_type_simple add_to_cart_button ajax_add_to_cart\" data-product_id=\"113\" data-product_sku=\"\" aria-label=\"Lis\u00e4\u00e4 ostoskoriin\" rel=\"nofollow\" data-no-translation=\"\" data-trp-gettext=\"\" data-no-translation-aria-label=\"\">Lis\u00e4\u00e4 ostoskoriin<\/a><span id=\"woocommerce_loop_add_to_cart_link_describedby_113\" class=\"screen-reader-text\">\n\t<\/span>\n<\/li>\n<\/ul>\n<\/div>\t\t<\/div>\n\t\t\t\t<\/div>\n\t\t\t\t\t<\/div>\n\t\t\t\t<\/div>\n\t\t\t\t<\/div>","protected":false},"excerpt":{"rendered":"","protected":false},"author":1,"featured_media":0,"parent":0,"menu_order":0,"comment_status":"closed","ping_status":"closed","template":"","meta":{"footnotes":""},"class_list":["post-34","page","type-page","status-publish","hentry"],"_links":{"self":[{"href":"https:\/\/melumaailma.fi\/fi\/wp-json\/wp\/v2\/pages\/34","targetHints":{"allow":["GET"]}}],"collection":[{"href":"https:\/\/melumaailma.fi\/fi\/wp-json\/wp\/v2\/pages"}],"about":[{"href":"https:\/\/melumaailma.fi\/fi\/wp-json\/wp\/v2\/types\/page"}],"author":[{"embeddable":true,"href":"https:\/\/melumaailma.fi\/fi\/wp-json\/wp\/v2\/users\/1"}],"replies":[{"embeddable":true,"href":"https:\/\/melumaailma.fi\/fi\/wp-json\/wp\/v2\/comments?post=34"}],"version-history":[{"count":19,"href":"https:\/\/melumaailma.fi\/fi\/wp-json\/wp\/v2\/pages\/34\/revisions"}],"predecessor-version":[{"id":495,"href":"https:\/\/melumaailma.fi\/fi\/wp-json\/wp\/v2\/pages\/34\/revisions\/495"}],"wp:attachment":[{"href":"https:\/\/melumaailma.fi\/fi\/wp-json\/wp\/v2\/media?parent=34"}],"curies":[{"name":"wp","href":"https:\/\/api.w.org\/{rel}","templated":true}]}}