{"id":20,"date":"2023-09-25T15:59:31","date_gmt":"2023-09-25T12:59:31","guid":{"rendered":"https:\/\/melumaailma.fi\/?page_id=20"},"modified":"2024-01-21T15:00:47","modified_gmt":"2024-01-21T13:00:47","slug":"valotekniikka","status":"publish","type":"page","link":"https:\/\/melumaailma.fi\/fi\/valotekniikka\/","title":{"rendered":"Valotekniikka"},"content":{"rendered":"<div data-elementor-type=\"wp-page\" data-elementor-id=\"20\" class=\"elementor elementor-20\" data-elementor-post-type=\"page\">\n\t\t\t\t<div class=\"elementor-element elementor-element-1b4ef28 e-flex e-con-boxed e-con e-parent\" data-id=\"1b4ef28\" data-element_type=\"container\">\n\t\t\t\t\t<div class=\"e-con-inner\">\n\t\t\t\t<div class=\"elementor-element elementor-element-d2a31e1 elementor-grid-3 elementor-grid-mobile-1 elementor-product-loop-item--align-left elementor-widget-mobile__width-inherit elementor-grid-tablet-3 elementor-products-grid elementor-wc-products elementor-widget elementor-widget-woocommerce-products\" data-id=\"d2a31e1\" data-element_type=\"widget\" data-widget_type=\"woocommerce-products.default\">\n\t\t\t\t<div class=\"elementor-widget-container\">\n\t\t\t<link rel=\"stylesheet\" href=\"https:\/\/melumaailma.fi\/wp-content\/plugins\/elementor-pro\/assets\/css\/widget-woocommerce.min.css?ver=1725556427\"><div class=\"woocommerce columns-3\"><ul class=\"products elementor-grid columns-3\">\n<li class=\"product type-product post-120 status-publish first instock product_cat-valotekniikka product_tag-valotekniikka has-post-thumbnail shipping-taxable purchasable product-type-simple\">\n\t<a href=\"https:\/\/melumaailma.fi\/fi\/tuote\/savukone\/\" class=\"woocommerce-LoopProduct-link woocommerce-loop-product__link\"><img fetchpriority=\"high\" decoding=\"async\" width=\"300\" height=\"300\" src=\"https:\/\/melumaailma.fi\/wp-content\/uploads\/2023\/09\/savukone-300x300.webp\" class=\"attachment-woocommerce_thumbnail size-woocommerce_thumbnail\" alt=\"savukone ja kaukos\u00e4\u00e4din\" srcset=\"https:\/\/melumaailma.fi\/wp-content\/uploads\/2023\/09\/savukone-300x300.webp 300w, https:\/\/melumaailma.fi\/wp-content\/uploads\/2023\/09\/savukone-150x150.webp 150w, https:\/\/melumaailma.fi\/wp-content\/uploads\/2023\/09\/savukone-100x100.webp 100w\" sizes=\"(max-width: 300px) 100vw, 300px\" \/><h2 class=\"woocommerce-loop-product__title\">Savukone<\/h2>\n\t<span class=\"price\"><span class=\"woocommerce-Price-amount amount\"><bdi>20,00<span class=\"woocommerce-Price-currencySymbol\">&euro;<\/span><\/bdi><\/span><\/span>\n<\/a><a href=\"?add-to-cart=120\" aria-describedby=\"woocommerce_loop_add_to_cart_link_describedby_120\" data-quantity=\"1\" class=\"button product_type_simple add_to_cart_button ajax_add_to_cart\" data-product_id=\"120\" data-product_sku=\"\" aria-label=\"Lis\u00e4\u00e4 ostoskoriin\" rel=\"nofollow\" data-no-translation=\"\" data-trp-gettext=\"\" data-no-translation-aria-label=\"\">Lis\u00e4\u00e4 ostoskoriin<\/a><span id=\"woocommerce_loop_add_to_cart_link_describedby_120\" class=\"screen-reader-text\">\n\t<\/span>\n<\/li>\n<li class=\"product type-product post-121 status-publish instock product_cat-valotekniikka product_tag-valotekniikka has-post-thumbnail shipping-taxable purchasable product-type-simple\">\n\t<a href=\"https:\/\/melumaailma.fi\/fi\/tuote\/fast-savukone\/\" class=\"woocommerce-LoopProduct-link woocommerce-loop-product__link\"><img decoding=\"async\" width=\"300\" height=\"300\" src=\"https:\/\/melumaailma.fi\/wp-content\/uploads\/2023\/09\/Savukone-Fast-300x300.jpg\" class=\"attachment-woocommerce_thumbnail size-woocommerce_thumbnail\" alt=\"Fast-merkkinen savukone, mik\u00e4 puhaltaa nopeasti haihtuvaa savua yl\u00f6sp\u00e4in valon kanssa.\" srcset=\"https:\/\/melumaailma.fi\/wp-content\/uploads\/2023\/09\/Savukone-Fast-300x300.jpg 300w, https:\/\/melumaailma.fi\/wp-content\/uploads\/2023\/09\/Savukone-Fast-150x150.jpg 150w, https:\/\/melumaailma.fi\/wp-content\/uploads\/2023\/09\/Savukone-Fast-100x100.jpg 100w, https:\/\/melumaailma.fi\/wp-content\/uploads\/2023\/09\/Savukone-Fast.jpg 600w\" sizes=\"(max-width: 300px) 100vw, 300px\" \/><h2 class=\"woocommerce-loop-product__title\">Fast-savukone<\/h2>\n\t<span class=\"price\"><span class=\"woocommerce-Price-amount amount\"><bdi>30,00<span class=\"woocommerce-Price-currencySymbol\">&euro;<\/span><\/bdi><\/span><\/span>\n<\/a><a href=\"?add-to-cart=121\" aria-describedby=\"woocommerce_loop_add_to_cart_link_describedby_121\" data-quantity=\"1\" class=\"button product_type_simple add_to_cart_button ajax_add_to_cart\" data-product_id=\"121\" data-product_sku=\"\" aria-label=\"Lis\u00e4\u00e4 ostoskoriin\" rel=\"nofollow\" data-no-translation=\"\" data-trp-gettext=\"\" data-no-translation-aria-label=\"\">Lis\u00e4\u00e4 ostoskoriin<\/a><span id=\"woocommerce_loop_add_to_cart_link_describedby_121\" class=\"screen-reader-text\">\n\t<\/span>\n<\/li>\n<\/ul>\n<\/div>\t\t<\/div>\n\t\t\t\t<\/div>\n\t\t\t\t\t<\/div>\n\t\t\t\t<\/div>\n\t\t\t\t<\/div>","protected":false},"excerpt":{"rendered":"","protected":false},"author":1,"featured_media":0,"parent":0,"menu_order":0,"comment_status":"closed","ping_status":"closed","template":"","meta":{"footnotes":""},"class_list":["post-20","page","type-page","status-publish","hentry"],"_links":{"self":[{"href":"https:\/\/melumaailma.fi\/fi\/wp-json\/wp\/v2\/pages\/20","targetHints":{"allow":["GET"]}}],"collection":[{"href":"https:\/\/melumaailma.fi\/fi\/wp-json\/wp\/v2\/pages"}],"about":[{"href":"https:\/\/melumaailma.fi\/fi\/wp-json\/wp\/v2\/types\/page"}],"author":[{"embeddable":true,"href":"https:\/\/melumaailma.fi\/fi\/wp-json\/wp\/v2\/users\/1"}],"replies":[{"embeddable":true,"href":"https:\/\/melumaailma.fi\/fi\/wp-json\/wp\/v2\/comments?post=20"}],"version-history":[{"count":22,"href":"https:\/\/melumaailma.fi\/fi\/wp-json\/wp\/v2\/pages\/20\/revisions"}],"predecessor-version":[{"id":502,"href":"https:\/\/melumaailma.fi\/fi\/wp-json\/wp\/v2\/pages\/20\/revisions\/502"}],"wp:attachment":[{"href":"https:\/\/melumaailma.fi\/fi\/wp-json\/wp\/v2\/media?parent=20"}],"curies":[{"name":"wp","href":"https:\/\/api.w.org\/{rel}","templated":true}]}}