{"id":10,"date":"2023-09-25T15:58:03","date_gmt":"2023-09-25T12:58:03","guid":{"rendered":"https:\/\/melumaailma.fi\/?page_id=10"},"modified":"2024-01-21T14:55:22","modified_gmt":"2024-01-21T12:55:22","slug":"esitystekniikka","status":"publish","type":"page","link":"https:\/\/melumaailma.fi\/fi\/esitystekniikka\/","title":{"rendered":"Esitystekniikka"},"content":{"rendered":"<div data-elementor-type=\"wp-page\" data-elementor-id=\"10\" class=\"elementor elementor-10\" data-elementor-post-type=\"page\">\n\t\t\t\t<div class=\"elementor-element elementor-element-692fdc7 e-flex e-con-boxed e-con e-parent\" data-id=\"692fdc7\" data-element_type=\"container\">\n\t\t\t\t\t<div class=\"e-con-inner\">\n\t\t\t\t<div class=\"elementor-element elementor-element-425c8ad elementor-grid-3 elementor-grid-mobile-1 elementor-product-loop-item--align-left elementor-widget-mobile__width-inherit elementor-grid-tablet-3 elementor-products-grid elementor-wc-products elementor-widget elementor-widget-woocommerce-products\" data-id=\"425c8ad\" data-element_type=\"widget\" data-widget_type=\"woocommerce-products.default\">\n\t\t\t\t<div class=\"elementor-widget-container\">\n\t\t\t<link rel=\"stylesheet\" href=\"https:\/\/melumaailma.fi\/wp-content\/plugins\/elementor-pro\/assets\/css\/widget-woocommerce.min.css?ver=1725556427\"><div class=\"woocommerce columns-3\"><ul class=\"products elementor-grid columns-3\">\n<li class=\"product type-product post-110 status-publish first instock product_cat-esitystekniikka product_tag-esitystekniikka has-post-thumbnail shipping-taxable purchasable product-type-simple\">\n\t<a href=\"https:\/\/melumaailma.fi\/fi\/tuote\/infoviestinta-toistin-ohjelmisto\/\" class=\"woocommerce-LoopProduct-link woocommerce-loop-product__link\"><img fetchpriority=\"high\" decoding=\"async\" width=\"300\" height=\"300\" src=\"https:\/\/melumaailma.fi\/wp-content\/uploads\/2023\/09\/Compulab_Fitlet3_ecb1-300x300.png\" class=\"attachment-woocommerce_thumbnail size-woocommerce_thumbnail\" alt=\"\" srcset=\"https:\/\/melumaailma.fi\/wp-content\/uploads\/2023\/09\/Compulab_Fitlet3_ecb1-300x300.png 300w, https:\/\/melumaailma.fi\/wp-content\/uploads\/2023\/09\/Compulab_Fitlet3_ecb1-150x150.png 150w, https:\/\/melumaailma.fi\/wp-content\/uploads\/2023\/09\/Compulab_Fitlet3_ecb1-600x600.png 600w, https:\/\/melumaailma.fi\/wp-content\/uploads\/2023\/09\/Compulab_Fitlet3_ecb1-100x100.png 100w, https:\/\/melumaailma.fi\/wp-content\/uploads\/2023\/09\/Compulab_Fitlet3_ecb1.png 700w\" sizes=\"(max-width: 300px) 100vw, 300px\" \/><h2 class=\"woocommerce-loop-product__title\">Infoviestint\u00e4 toistin + ohjelmisto<\/h2>\n\t<span class=\"price\"><span class=\"woocommerce-Price-amount amount\"><bdi>10,00<span class=\"woocommerce-Price-currencySymbol\">&euro;<\/span><\/bdi><\/span><\/span>\n<\/a><a href=\"?add-to-cart=110\" aria-describedby=\"woocommerce_loop_add_to_cart_link_describedby_110\" data-quantity=\"1\" class=\"button product_type_simple add_to_cart_button ajax_add_to_cart\" data-product_id=\"110\" data-product_sku=\"\" aria-label=\"Lis\u00e4\u00e4 ostoskoriin\" rel=\"nofollow\" data-no-translation=\"\" data-trp-gettext=\"\" data-no-translation-aria-label=\"\">Lis\u00e4\u00e4 ostoskoriin<\/a><span id=\"woocommerce_loop_add_to_cart_link_describedby_110\" class=\"screen-reader-text\">\n\t<\/span>\n<\/li>\n<li class=\"product type-product post-109 status-publish instock product_cat-esitystekniikka product_tag-esitystekniikka has-post-thumbnail shipping-taxable purchasable product-type-simple\">\n\t<a href=\"https:\/\/melumaailma.fi\/fi\/tuote\/infonaytto-65-lattiatelineella\/\" class=\"woocommerce-LoopProduct-link woocommerce-loop-product__link\"><img decoding=\"async\" width=\"300\" height=\"300\" src=\"https:\/\/melumaailma.fi\/wp-content\/uploads\/2023\/09\/PR43JPG-300x300.jpg\" class=\"attachment-woocommerce_thumbnail size-woocommerce_thumbnail\" alt=\"65&quot; infon\u00e4ytt\u00f6\" srcset=\"https:\/\/melumaailma.fi\/wp-content\/uploads\/2023\/09\/PR43JPG-300x300.jpg 300w, https:\/\/melumaailma.fi\/wp-content\/uploads\/2023\/09\/PR43JPG-150x150.jpg 150w, https:\/\/melumaailma.fi\/wp-content\/uploads\/2023\/09\/PR43JPG-100x100.jpg 100w\" sizes=\"(max-width: 300px) 100vw, 300px\" \/><h2 class=\"woocommerce-loop-product__title\">Infon\u00e4ytt\u00f6 65&#8243; lattiatelineell\u00e4<\/h2>\n\t<span class=\"price\"><span class=\"woocommerce-Price-amount amount\"><bdi>89,00<span class=\"woocommerce-Price-currencySymbol\">&euro;<\/span><\/bdi><\/span><\/span>\n<\/a><a href=\"?add-to-cart=109\" aria-describedby=\"woocommerce_loop_add_to_cart_link_describedby_109\" data-quantity=\"1\" class=\"button product_type_simple add_to_cart_button ajax_add_to_cart\" data-product_id=\"109\" data-product_sku=\"\" aria-label=\"Lis\u00e4\u00e4 ostoskoriin\" rel=\"nofollow\" data-no-translation=\"\" data-trp-gettext=\"\" data-no-translation-aria-label=\"\">Lis\u00e4\u00e4 ostoskoriin<\/a><span id=\"woocommerce_loop_add_to_cart_link_describedby_109\" class=\"screen-reader-text\">\n\t<\/span>\n<\/li>\n<li class=\"product type-product post-107 status-publish last instock product_cat-esitystekniikka product_tag-esitystekniikka has-post-thumbnail shipping-taxable purchasable product-type-simple\">\n\t<a href=\"https:\/\/melumaailma.fi\/fi\/tuote\/infonaytto-65\/\" class=\"woocommerce-LoopProduct-link woocommerce-loop-product__link\"><img decoding=\"async\" width=\"300\" height=\"300\" src=\"https:\/\/melumaailma.fi\/wp-content\/uploads\/2023\/09\/PR43JPG-300x300.jpg\" class=\"attachment-woocommerce_thumbnail size-woocommerce_thumbnail\" alt=\"65&quot; infon\u00e4ytt\u00f6\" srcset=\"https:\/\/melumaailma.fi\/wp-content\/uploads\/2023\/09\/PR43JPG-300x300.jpg 300w, https:\/\/melumaailma.fi\/wp-content\/uploads\/2023\/09\/PR43JPG-150x150.jpg 150w, https:\/\/melumaailma.fi\/wp-content\/uploads\/2023\/09\/PR43JPG-100x100.jpg 100w\" sizes=\"(max-width: 300px) 100vw, 300px\" \/><h2 class=\"woocommerce-loop-product__title\">Infon\u00e4ytt\u00f6 65&#8243;<\/h2>\n\t<span class=\"price\"><span class=\"woocommerce-Price-amount amount\"><bdi>69,00<span class=\"woocommerce-Price-currencySymbol\">&euro;<\/span><\/bdi><\/span><\/span>\n<\/a><a href=\"?add-to-cart=107\" aria-describedby=\"woocommerce_loop_add_to_cart_link_describedby_107\" data-quantity=\"1\" class=\"button product_type_simple add_to_cart_button ajax_add_to_cart\" data-product_id=\"107\" data-product_sku=\"\" aria-label=\"Lis\u00e4\u00e4 ostoskoriin\" rel=\"nofollow\" data-no-translation=\"\" data-trp-gettext=\"\" data-no-translation-aria-label=\"\">Lis\u00e4\u00e4 ostoskoriin<\/a><span id=\"woocommerce_loop_add_to_cart_link_describedby_107\" class=\"screen-reader-text\">\n\t<\/span>\n<\/li>\n<li class=\"product type-product post-111 status-publish first instock product_cat-esitystekniikka product_tag-esitystekniikka has-post-thumbnail shipping-taxable purchasable product-type-simple\">\n\t<a href=\"https:\/\/melumaailma.fi\/fi\/tuote\/hdmi-ethernet-hdmi-adapteri-maks-120-m\/\" class=\"woocommerce-LoopProduct-link woocommerce-loop-product__link\"><img decoding=\"async\" width=\"300\" height=\"300\" src=\"https:\/\/melumaailma.fi\/wp-content\/uploads\/2023\/09\/hdmi-ethernet-extender_unbranded-300x300.jpg\" class=\"attachment-woocommerce_thumbnail size-woocommerce_thumbnail\" alt=\"\" srcset=\"https:\/\/melumaailma.fi\/wp-content\/uploads\/2023\/09\/hdmi-ethernet-extender_unbranded-300x300.jpg 300w, https:\/\/melumaailma.fi\/wp-content\/uploads\/2023\/09\/hdmi-ethernet-extender_unbranded-150x150.jpg 150w, https:\/\/melumaailma.fi\/wp-content\/uploads\/2023\/09\/hdmi-ethernet-extender_unbranded-100x100.jpg 100w\" sizes=\"(max-width: 300px) 100vw, 300px\" \/><h2 class=\"woocommerce-loop-product__title\">HDMI-ethernet-HDMI-adapteri maks. 120 m<\/h2>\n\t<span class=\"price\"><span class=\"woocommerce-Price-amount amount\"><bdi>10,00<span class=\"woocommerce-Price-currencySymbol\">&euro;<\/span><\/bdi><\/span><\/span>\n<\/a><a href=\"?add-to-cart=111\" aria-describedby=\"woocommerce_loop_add_to_cart_link_describedby_111\" data-quantity=\"1\" class=\"button product_type_simple add_to_cart_button ajax_add_to_cart\" data-product_id=\"111\" data-product_sku=\"\" aria-label=\"Lis\u00e4\u00e4 ostoskoriin\" rel=\"nofollow\" data-no-translation=\"\" data-trp-gettext=\"\" data-no-translation-aria-label=\"\">Lis\u00e4\u00e4 ostoskoriin<\/a><span id=\"woocommerce_loop_add_to_cart_link_describedby_111\" class=\"screen-reader-text\">\n\t<\/span>\n<\/li>\n<li class=\"product type-product post-112 status-publish instock product_cat-esitystekniikka product_tag-esitystekniikka has-post-thumbnail shipping-taxable purchasable product-type-simple\">\n\t<a href=\"https:\/\/melumaailma.fi\/fi\/tuote\/hdmi-splitter-1-in-4-out\/\" class=\"woocommerce-LoopProduct-link woocommerce-loop-product__link\"><img loading=\"lazy\" decoding=\"async\" width=\"300\" height=\"300\" src=\"https:\/\/melumaailma.fi\/wp-content\/uploads\/2023\/09\/hdmi-splitter-1-in-4-out-300x300.jpg\" class=\"attachment-woocommerce_thumbnail size-woocommerce_thumbnail\" alt=\"\" srcset=\"https:\/\/melumaailma.fi\/wp-content\/uploads\/2023\/09\/hdmi-splitter-1-in-4-out-300x300.jpg 300w, https:\/\/melumaailma.fi\/wp-content\/uploads\/2023\/09\/hdmi-splitter-1-in-4-out-150x150.jpg 150w, https:\/\/melumaailma.fi\/wp-content\/uploads\/2023\/09\/hdmi-splitter-1-in-4-out-768x768.jpg 768w, https:\/\/melumaailma.fi\/wp-content\/uploads\/2023\/09\/hdmi-splitter-1-in-4-out-600x600.jpg 600w, https:\/\/melumaailma.fi\/wp-content\/uploads\/2023\/09\/hdmi-splitter-1-in-4-out-100x100.jpg 100w, https:\/\/melumaailma.fi\/wp-content\/uploads\/2023\/09\/hdmi-splitter-1-in-4-out.jpg 800w\" sizes=\"(max-width: 300px) 100vw, 300px\" \/><h2 class=\"woocommerce-loop-product__title\">HDMI splitter 1 in 4 out<\/h2>\n\t<span class=\"price\"><span class=\"woocommerce-Price-amount amount\"><bdi>10,00<span class=\"woocommerce-Price-currencySymbol\">&euro;<\/span><\/bdi><\/span><\/span>\n<\/a><a href=\"?add-to-cart=112\" aria-describedby=\"woocommerce_loop_add_to_cart_link_describedby_112\" data-quantity=\"1\" class=\"button product_type_simple add_to_cart_button ajax_add_to_cart\" data-product_id=\"112\" data-product_sku=\"\" aria-label=\"Lis\u00e4\u00e4 ostoskoriin\" rel=\"nofollow\" data-no-translation=\"\" data-trp-gettext=\"\" data-no-translation-aria-label=\"\">Lis\u00e4\u00e4 ostoskoriin<\/a><span id=\"woocommerce_loop_add_to_cart_link_describedby_112\" class=\"screen-reader-text\">\n\t<\/span>\n<\/li>\n<\/ul>\n<\/div>\t\t<\/div>\n\t\t\t\t<\/div>\n\t\t\t\t\t<\/div>\n\t\t\t\t<\/div>\n\t\t\t\t<\/div>","protected":false},"excerpt":{"rendered":"","protected":false},"author":1,"featured_media":0,"parent":0,"menu_order":0,"comment_status":"closed","ping_status":"closed","template":"","meta":{"footnotes":""},"class_list":["post-10","page","type-page","status-publish","hentry"],"_links":{"self":[{"href":"https:\/\/melumaailma.fi\/fi\/wp-json\/wp\/v2\/pages\/10","targetHints":{"allow":["GET"]}}],"collection":[{"href":"https:\/\/melumaailma.fi\/fi\/wp-json\/wp\/v2\/pages"}],"about":[{"href":"https:\/\/melumaailma.fi\/fi\/wp-json\/wp\/v2\/types\/page"}],"author":[{"embeddable":true,"href":"https:\/\/melumaailma.fi\/fi\/wp-json\/wp\/v2\/users\/1"}],"replies":[{"embeddable":true,"href":"https:\/\/melumaailma.fi\/fi\/wp-json\/wp\/v2\/comments?post=10"}],"version-history":[{"count":22,"href":"https:\/\/melumaailma.fi\/fi\/wp-json\/wp\/v2\/pages\/10\/revisions"}],"predecessor-version":[{"id":492,"href":"https:\/\/melumaailma.fi\/fi\/wp-json\/wp\/v2\/pages\/10\/revisions\/492"}],"wp:attachment":[{"href":"https:\/\/melumaailma.fi\/fi\/wp-json\/wp\/v2\/media?parent=10"}],"curies":[{"name":"wp","href":"https:\/\/api.w.org\/{rel}","templated":true}]}}